{"id":13516,"date":"2021-10-22T13:26:13","date_gmt":"2021-10-22T11:26:13","guid":{"rendered":"https:\/\/protokoloa.eus\/?page_id=13516"},"modified":"2021-10-22T13:26:13","modified_gmt":"2021-10-22T11:26:13","slug":"quienes-somos-2","status":"publish","type":"page","link":"https:\/\/protokoloa.eus\/?page_id=13516&lang=es","title":{"rendered":"\u00bfQui\u00e9nes somos?"},"content":{"rendered":"<p><div class=\"fusion-fullwidth fullwidth-box fusion-builder-row-1 nonhundred-percent-fullwidth non-hundred-percent-height-scrolling\" style=\"background-color: rgba(255,255,255,0);background-position: center center;background-repeat: no-repeat;padding-top:0px;padding-right:0px;padding-bottom:0px;padding-left:0px;margin-bottom: 0px;margin-top: 0px;border-width: 0px 0px 0px 0px;border-color:#eae9e9;border-style:solid;\" ><div class=\"fusion-builder-row fusion-row\"><div class=\"fusion-layout-column fusion_builder_column fusion-builder-column-0 fusion_builder_column_1_1 1_1 fusion-one-full fusion-column-first fusion-column-last\" style=\"margin-top:0px;margin-bottom:0px;\"><div class=\"fusion-column-wrapper fusion-flex-column-wrapper-legacy\" style=\"background-position:left top;background-repeat:no-repeat;-webkit-background-size:cover;-moz-background-size:cover;-o-background-size:cover;background-size:cover;padding: 0px 0px 0px 0px;\"><div class=\"fusion-text fusion-text-1\"><p><div class=\"fusion-fullwidth fullwidth-box fusion-builder-row-1-1 nonhundred-percent-fullwidth non-hundred-percent-height-scrolling\" style=\"background-color: rgba(255,255,255,0);background-position: center center;background-repeat: no-repeat;padding-top:0px;padding-right:0px;padding-bottom:0px;padding-left:0px;margin-bottom: 0px;margin-top: 0px;border-width: 0px 0px 0px 0px;border-color:#eae9e9;border-style:solid;\" ><\/div><div class=\"fusion-builder-row fusion-row\"><\/div><div class=\"fusion-layout-column fusion_builder_column fusion-builder-column-1 fusion_builder_column_1_1 1_1 fusion-one-full fusion-column-first fusion-column-last\" style=\"margin-top:0px;margin-bottom:0px;\"><div class=\"fusion-column-wrapper fusion-flex-column-wrapper-legacy\" style=\"background-position:left top;background-repeat:no-repeat;-webkit-background-size:cover;-moz-background-size:cover;-o-background-size:cover;background-size:cover;padding: 0px 0px 0px 0px;\"><div class=\"fusion-clearfix\"><\/div><\/div><\/div><div class=\"fusion-text fusion-text-1\"><\/div><\/p>\n<h2>KONTSEILUA<\/h2>\n<p><a href=\"https:\/\/kontseilua.eus\" target=\"_blank\" rel=\"noopener\"><img class=\"wp-image-13377 size-medium alignleft\" src=\"https:\/\/protokoloa.eus\/wp-content\/uploads\/2021\/08\/Logo-horizontala-fondo-gabe-1-e1631544126347-300x88.png\" alt=\"euskara-kontseilua\" width=\"300\" height=\"88\" srcset=\"https:\/\/protokoloa.eus\/wp-content\/uploads\/2021\/08\/Logo-horizontala-fondo-gabe-1-e1631544126347-200x59.png 200w, https:\/\/protokoloa.eus\/wp-content\/uploads\/2021\/08\/Logo-horizontala-fondo-gabe-1-e1631544126347-300x88.png 300w, https:\/\/protokoloa.eus\/wp-content\/uploads\/2021\/08\/Logo-horizontala-fondo-gabe-1-e1631544126347-400x118.png 400w, https:\/\/protokoloa.eus\/wp-content\/uploads\/2021\/08\/Logo-horizontala-fondo-gabe-1-e1631544126347-600x177.png 600w, https:\/\/protokoloa.eus\/wp-content\/uploads\/2021\/08\/Logo-horizontala-fondo-gabe-1-e1631544126347-768x226.png 768w, https:\/\/protokoloa.eus\/wp-content\/uploads\/2021\/08\/Logo-horizontala-fondo-gabe-1-e1631544126347-800x236.png 800w, https:\/\/protokoloa.eus\/wp-content\/uploads\/2021\/08\/Logo-horizontala-fondo-gabe-1-e1631544126347-1024x302.png 1024w, https:\/\/protokoloa.eus\/wp-content\/uploads\/2021\/08\/Logo-horizontala-fondo-gabe-1-e1631544126347.png 1109w\" sizes=\"(max-width: 300px) 100vw, 300px\" \/><\/a><a href=\"https:\/\/kontseilua.eus\" target=\"_blank\" rel=\"noopener\">Euskalgintzaren Kontseilua<\/a> es la plataforma de numerosas asociaciones que tienen por objeto el pleno desarrollo del euskara. Las asociaciones del euskara han dado el paso hist\u00f3rico de actuar conjuntamente a pesar de ser asociaciones de origen, puntos de vista y \u00e1mbitos varios, lo que constituye la fuerza de Kontseilua.<\/p>\n<p><span style=\"font-size: 14.4px;\">Kontseilua constituye la esencia del movimiento que trabaja en pro del euskara y desde esa unidad difunde la din\u00e1mica de colaboraci\u00f3n necesaria para normalizar la situaci\u00f3n del euskara a toda la sociedad vasca plural.\u00a0<\/span><\/p>\n<p><a href=\"https:\/\/kontseilua.eus\/\" target=\"_blank\" rel=\"noopener\">www.kontseilua.eus\u00a0<\/a><\/p>\n<p>&nbsp;<\/p>\n<h2>Comit\u00e9 Organizador<\/h2>\n<p>En lo que se refiere a la elaboraci\u00f3n del Protocolo, Kontseilua y DSS2016EU designaron un Comit\u00e9 Organizador encargado de liderar todo el proceso. Dicho comit\u00e9 est\u00e1 formado por seis organizaciones de gran renombre y experiencia internacionales, elegidas para que cada una de ellas pueda aportar desde su perspectiva.\u00a0El Comit\u00e9 Organizador est\u00e1 compuesto por organizaciones no gubernamentales y redes internacionales de organismos sociales de fomento de los derechos humanos, los derechos ling\u00fc\u00edsticos, la diversidad ling\u00fc\u00edstica y las lenguas minorizadas, y har\u00e1n un seguimiento directo del proyecto.<\/p>\n<p>Euskalgintzaren KONTSEILUA, el Consejo de Organismos Sociales del Euskara, se har\u00e1 cargo de la Secretar\u00eda del Comit\u00e9 de Seguimiento.<\/p>\n<p><strong>UNPO &#8211; ORGANIZACI\u00d3N DE NACIONES Y PUEBLOS NO REPRESENTADOS<\/strong><\/p>\n<p><a href=\"https:\/\/unpo.org\" target=\"_blank\" rel=\"noopener\"><img class=\"alignleft wp-image-318\" src=\"https:\/\/protokoloa.eus\/wp-content\/uploads\/2015\/04\/unpo_250.jpg\" alt=\"unpo-logo\" width=\"180\" height=\"69\" \/><\/a><\/p>\n<p>Se trata de una organizaci\u00f3n internacional, formada por miembros de organizaciones de pueblos ind\u00edgenas, minor\u00edas y territorios ocupados o no reconocidos. Todos ellos han unido esfuerzos para proteger sus derechos humanos, culturales y medioambientales, y para encontrar solu\u00adciones pac\u00edficas a los conflictos que les afectan. Por encima de las diferencias de objetivos, los miembros de la UNPO comparten una misma condici\u00f3n: la falta de una adecuada representati\u00advidad en el \u00e1mbito internacional. Es por ello que UNPO trabaja por la creaci\u00f3n de un foro internacional, que permita a sus miembros participar y aportar de manera efectiva en la comunidad internacional. Y es que, en el actual mundo cada vez m\u00e1s interdependiente en que vivimos, cada vez cobra mayor im\u00adportancia que aquellos que ven negados sus derechos puedan dar cuenta de sus respectivas situaciones<br \/>\n<a href=\"https:\/\/www.unpo.org\" target=\"_blank\" rel=\"noopener\">www.unpo.org<\/a><\/p>\n<p>&nbsp;<\/p>\n<p><strong><a href=\"https:\/\/www.linguapax.org\" target=\"_blank\" rel=\"noopener\"><img class=\"alignleft wp-image-319\" src=\"https:\/\/protokoloa.eus\/wp-content\/uploads\/2015\/04\/linguapax_250.jpg\" alt=\"linguapax-logo\" width=\"180\" height=\"78\" \/><\/a><\/strong><\/p>\n<p><strong>LINGUAPAX INTERNATIONAL<\/strong><\/p>\n<p>Organizaci\u00f3n no gubernamental dedicada a la valorizaci\u00f3n y protecci\u00f3n de la diversidad ling\u00fc\u00edstica mundial. Fue creada por la UNESCO en 1987, pero actualmente tiene car\u00e1cter independiente. Seg\u00fan LINGUAPAX, las lenguas son reflejo de la riqueza de la diversidad cultural de la humanidad y, en este sentido, su protecci\u00f3n supone una aportaci\u00f3n funda\u00admental a favor de la paz y del mutuo entendimiento internacional. Con esta finalidad, LINGUAPAX coordina y difunde investigaciones del \u00e1mbito de la socio\u00adling\u00fc\u00edstica, adem\u00e1s de asesorar en procesos ideol\u00f3gicos, legislativos y pol\u00edticos para salva\u00adguardar la diversidad ling\u00fc\u00edstica, as\u00ed como en programas de recuperaci\u00f3n de comunidades ling\u00fc\u00edsticas espec\u00edficas. Anualmente concede un galard\u00f3n internacional a representantes de organismos sociales y a ling\u00fcistas destacados en la lucha por la diversidad ling\u00fc\u00edstica o por la educaci\u00f3n plu\u00adriling\u00fce. LINGUAPAX ha prestado asesoramiento en materia de pol\u00edtica y planificaci\u00f3n ling\u00fc\u00edstica a dife\u00adrentes gobiernos, entre ellos los de China, Brasil, Paraguay o Bolivia. Asimismo, ha colaborado en proyectos de recuperaci\u00f3n ling\u00fc\u00edstica en Nigeria, Sud\u00e1frica, Senegal, Tanzania, etc.<\/p>\n<p><a href=\"https:\/\/www.linguapax.org\" target=\"_blank\" rel=\"noopener\">www.linguapax.org<\/a><\/p>\n<p>&nbsp;<\/p>\n<p><strong><a href=\"https:\/\/www.pen-international.org\" target=\"_blank\" rel=\"noopener\"><img class=\"alignleft wp-image-320\" src=\"https:\/\/protokoloa.eus\/wp-content\/uploads\/2015\/04\/pen_250.jpg\" alt=\"pen-international-logo\" width=\"120\" height=\"79\" \/><\/a>PEN INTERNATIONAL -COMIT\u00c9 DE TRADUCCI\u00d3N Y DERECHOS LING\u00dc\u00cdSTICOS<\/strong><\/p>\n<p>Esta organizaci\u00f3n de escritores tiene por objetivo promover la amistad y cooperaci\u00f3n entre sus miembros de todo el mundo, independientemente de la divergencia de opiniones pol\u00edticas o de otra \u00edndole. Su misi\u00f3n es luchar a favor de la libertad de expresi\u00f3n. Adem\u00e1s de ofrecer herramientas para la traducci\u00f3n a otras lenguas de la literatura es\u00adcrita en lenguas minorizadas, promueve la traducci\u00f3n entre lenguas de menor n\u00famero de hablantes. Defiende, asimismo, las lenguas sin estado, y fue una de las impulsoras de la Declaraci\u00f3n Universal de Derechos Ling\u00fc\u00edsticos y del Manifiesto de Girona sobre Derechos Ling\u00fc\u00edsticos. PEN Internacional est\u00e1 formado por un total de 144 centros situados en m\u00e1s de 100 pa\u00edses de todo el mundo, y tiene estatus de ente consultivo de las Naciones Unidas.<\/p>\n<p><a href=\"https:\/\/www.pen-international.org\" target=\"_blank\" rel=\"noopener\">www.pen-international.org<\/a><\/p>\n<p>&nbsp;<\/p>\n<p><strong><a href=\"https:\/\/elen.ngo\" target=\"_blank\" rel=\"noopener\"><img class=\"alignleft wp-image-13123\" src=\"https:\/\/protokoloa.eus\/wp-content\/uploads\/2015\/04\/elen-logo.jpg\" alt=\"elen-network-logo\" width=\"300\" height=\"53\" srcset=\"https:\/\/protokoloa.eus\/wp-content\/uploads\/2015\/04\/elen-logo-200x35.jpg 200w, https:\/\/protokoloa.eus\/wp-content\/uploads\/2015\/04\/elen-logo.jpg 250w\" sizes=\"(max-width: 300px) 100vw, 300px\" \/><\/a>ELEN &#8211; RED EUROPEA DE IGUALDAD LING\u00dc\u00cdSTICA<\/strong><\/p>\n<p>ELEN es una plataforma europea de agentes sociales no gubernamentales, dedicada a impulsar el fomento, protecci\u00f3n y recuperaci\u00f3n de las lenguas minorizadas y de los derechos ling\u00fc\u00edsticos. Representa un total de 42 comunidades ling\u00fc\u00edsticas de veinti\u00fan estados europeos. Fue creada en 2010, en sustituci\u00f3n de la EBLUL (European Bureau for Lesser Used Languages \u2013 Oficina Europea de Lenguas Minoritarias). Tiene estatus consultivo de las Naciones Unidas.<\/p>\n<p><a href=\"https:\/\/elen.ngo\" target=\"_blank\" rel=\"noopener\">www.elen.ngo<\/a><\/p>\n<p>&nbsp;<\/p>\n<p><strong><a href=\"https:\/\/www.ciemen.cat\" target=\"_blank\" rel=\"noopener\"><img class=\"alignleft wp-image-322\" src=\"https:\/\/protokoloa.eus\/wp-content\/uploads\/2015\/04\/ciemen_250.jpg\" alt=\"ciemen-logo\" width=\"300\" height=\"66\" \/><\/a>CIEMEN<\/strong><br \/>\nEl CIEMEN es una entidad de la sociedad civil catalana que trabaja para dar a conocer y promo\u00adver la realidad nacional catalana en el mundo, para difundir el conocimiento de las naciones y pueblos sin estado y para defender sus derechos colectivos. En el \u00e1mbito de la lengua, ha impulsado diversas acciones relacionadas con la defensa de los derechos ling\u00fc\u00edsticos y del uso social de la lengua. Son tres sus principales l\u00edneas de actuaci\u00f3n: la promoci\u00f3n del conocimiento, el reconocimiento de los derechos de todas las naciones y todas las minor\u00edas \u00e9tnicas y la solidaridad. Por \u00faltimo, cabe destacar que el CIEMEN estuvo a cargo de la secretar\u00eda t\u00e9cnica de la Declaraci\u00f3n Universal de Derechos Ling\u00fc\u00edsticos.<br \/>\n<a href=\"https:\/\/www.ciemen.cat\" target=\"_blank\" rel=\"noopener\">www.ciemen.cat<\/a><\/p>\n<p>&nbsp;<\/p>\n<p><strong><a href=\"https:\/\/www.ecmi.de\" target=\"_blank\" rel=\"noopener\"><img class=\"alignleft wp-image-323 size-full\" src=\"https:\/\/protokoloa.eus\/wp-content\/uploads\/2015\/04\/ecfmi_250.jpg\" alt=\"ecmi-logo\" width=\"250\" height=\"79\" \/><\/a>ECMI &#8211; CENTRO EUROPEO PARA LAS CUESTIONES DE MINOR\u00cdAS<\/strong><br \/>\nEl ECMI dirige investigaciones sobre pr\u00e1ctica y pol\u00edtica, proporciona informaci\u00f3n y documentaci\u00f3n y presta servicios de asesoramiento sobre cuestiones relacionadas con las mayor\u00edas y las minor\u00edas. Asesora a gobiernos europeos y a organismos intergubernamentales, as\u00ed como a representantes de diferentes minor\u00edas. El centro trabaja en colaboraci\u00f3n con la comunidad acad\u00e9mica, los medios de comunicaci\u00f3n y la opini\u00f3n p\u00fablica, ofreciendo an\u00e1lisis e informaci\u00f3n puntual. Fundado en 1996, es una instituci\u00f3n independiente interdisciplinar. Mantiene un contacto activo con otras instituciones acad\u00e9\u00admicas y ONGs implicadas en la resoluci\u00f3n de conflictos y en las relaciones inter\u00e9tnicas, desarrollando proyectos de cooperaci\u00f3n en dichas \u00e1reas.<br \/>\n<a href=\"https:\/\/www.ecmi.de\" target=\"_blank\" rel=\"noopener\">www.ecmi.de<\/a><\/p>\n<p>&nbsp;<\/p>\n<h2>AGENTES SOCIALES<\/h2>\n<p>Nos gustar\u00eda reconocer la labor de la sociedad civil organizada en torno a las comunidades ling\u00fc\u00edsticas de Europa. La voluntad de avanzar hacia una vida m\u00e1s democr\u00e1tica ha reaviva\u00addo la reivindicaci\u00f3n y ganas de vivir de la sociedad civil, gracias a lo cual se ha conseguido incidir en la sensibilizaci\u00f3n de la ciudadan\u00eda.<\/p>\n<p>Por ello, los agentes sociales tendr\u00e1n un gran peso en la preparaci\u00f3n del Protocolo. La voluntad es poder construir una herramienta consensuada por los agentes y las organizaciones que act\u00faan como altavoz de millones de ciudadanos europeos. Es innegable que partimos de realidades bien diferentes, pero los agentes sociales que trabajamos por la normalizaci\u00f3n de nuestras lenguas compartimos un objetivo similar. As\u00ed pues, este proceso tambi\u00e9n nos servir\u00e1 para poder aprender los unos de los otros.<br \/>\n<a href=\"https:\/\/protokoloa.eus\/wp-content\/uploads\/2016\/02\/Mise-en-page-1-1.png\" target=\"_blank\" rel=\"noopener\"><img class=\"aligncenter wp-image-12853 size-full\" src=\"https:\/\/protokoloa.eus\/wp-content\/uploads\/2017\/06\/eskema_es-1.png\" alt=\"protocolo\" width=\"609\" height=\"454\" srcset=\"https:\/\/protokoloa.eus\/wp-content\/uploads\/2017\/06\/eskema_es-1-200x149.png 200w, https:\/\/protokoloa.eus\/wp-content\/uploads\/2017\/06\/eskema_es-1-300x224.png 300w, https:\/\/protokoloa.eus\/wp-content\/uploads\/2017\/06\/eskema_es-1-400x298.png 400w, https:\/\/protokoloa.eus\/wp-content\/uploads\/2017\/06\/eskema_es-1-600x447.png 600w, https:\/\/protokoloa.eus\/wp-content\/uploads\/2017\/06\/eskema_es-1.png 609w\" sizes=\"(max-width: 609px) 100vw, 609px\" \/><\/a><\/p>\n<\/div><div class=\"fusion-clearfix\"><\/div><\/div><\/div><\/div><\/div>[\/fusion_text][\/fusion_builder_column][\/fusion_builder_row][\/fusion_builder_container]<\/p>\n","protected":false},"excerpt":{"rendered":"<p>[\/fusion_text][\/fusion_builder_column][\/fusion_builder_row][\/fusion_builder_container]<\/p>\n","protected":false},"author":7,"featured_media":0,"parent":0,"menu_order":0,"comment_status":"closed","ping_status":"closed","template":"","meta":[],"_links":{"self":[{"href":"https:\/\/protokoloa.eus\/index.php?rest_route=\/wp\/v2\/pages\/13516"}],"collection":[{"href":"https:\/\/protokoloa.eus\/index.php?rest_route=\/wp\/v2\/pages"}],"about":[{"href":"https:\/\/protokoloa.eus\/index.php?rest_route=\/wp\/v2\/types\/page"}],"author":[{"embeddable":true,"href":"https:\/\/protokoloa.eus\/index.php?rest_route=\/wp\/v2\/users\/7"}],"replies":[{"embeddable":true,"href":"https:\/\/protokoloa.eus\/index.php?rest_route=%2Fwp%2Fv2%2Fcomments&post=13516"}],"version-history":[{"count":2,"href":"https:\/\/protokoloa.eus\/index.php?rest_route=\/wp\/v2\/pages\/13516\/revisions"}],"predecessor-version":[{"id":13518,"href":"https:\/\/protokoloa.eus\/index.php?rest_route=\/wp\/v2\/pages\/13516\/revisions\/13518"}],"wp:attachment":[{"href":"https:\/\/protokoloa.eus\/index.php?rest_route=%2Fwp%2Fv2%2Fmedia&parent=13516"}],"curies":[{"name":"wp","href":"https:\/\/api.w.org\/{rel}","templated":true}]}}