{"id":13091,"date":"2017-06-27T11:34:18","date_gmt":"2017-06-27T11:34:18","guid":{"rendered":"http:\/\/protokoloa.eus?page_id=13091"},"modified":"2017-06-27T11:34:41","modified_gmt":"2017-06-27T11:34:41","slug":"referencias","status":"publish","type":"page","link":"https:\/\/protokoloa.eus\/?page_id=13091&lang=fr","title":{"rendered":"R\u00e9f\u00e9rences"},"content":{"rendered":"<h2>R\u00e9f\u00e9rences<\/h2>\n<p>En mars 2015, le Comit\u00e9 Organisateur a d\u00e9fini les r\u00e9f\u00e9rences pour l\u2019\u00e9laboration du Protocole. Comme nous l\u2019avons rappel\u00e9 \u00e0 plusieurs reprises, le Protocole aura pour boussole la D\u00e9claration Universelle des Droits Linguistiques (1996). Nous voulons toutefois souligner que pour d\u00e9finir les indicateurs d\u2019\u00e9valuation, nous nous appuierons \u00e9galement sur le Rapport Vitalit\u00e9 et Disparition des Langues de l\u2019UNESCO (2003). En plus de ces deux documents, le Protocole pour la Garantie des Droits Linguistiques prendra pour r\u00e9f\u00e9rence les trait\u00e9s ou documents suivants:<\/p>\n<p><strong>ORGANISATION DES NATIONS UNIES<\/strong><\/p>\n<ul>\n<li>D\u00e9claration Universelle des Droits de L\u2019Homme (1948)<\/li>\n<li>Pacte international relatif aux droits civils et politiques (1966)<\/li>\n<li>Pacte international relatif aux droits \u00e9conomiques, sociaux et culturels (1966)<\/li>\n<li>Proclamation de T\u00e9h\u00e9ran (1968)<\/li>\n<li>D\u00e9claration des Droits de l\u2019enfant (1959)<\/li>\n<li>D\u00e9claration des droits des personnes appartenant \u00e0 des minorit\u00e9s nationales ou ethniques, religieuses et linguistiques. (1992)<\/li>\n<li>D\u00e9claration et Programme d\u2019action de Vienne. (1993)<\/li>\n<li>D\u00e9claration des Nations Unies sur les droits des peuples autochtones (2007)<\/li>\n<\/ul>\n<p><strong>CONSEIL DE L\u2019EUROPE<\/strong><\/p>\n<ul>\n<li>Convention de sauvegarde des Droits de l\u2019Homme et des Libert\u00e9s fondamentales (1950)<\/li>\n<li>Charte europ\u00e9enne des langues r\u00e9gionales ou minoritaires (1992)<\/li>\n<li>Convention-cadre pour la protection des minorit\u00e9s nationales (1994)<\/li>\n<\/ul>\n<p><strong>UNESCO<\/strong><\/p>\n<ul>\n<li>D\u00e9claration universelle de l\u2019UNESCO sur la diversit\u00e9 culturelle (2001)<\/li>\n<li>Convention sur la protection et la promotion de la diversit\u00e9 des expressions culturelles (2005)<\/li>\n<\/ul>\n<p><strong>OSCE &#8211; ORGANISATION POUR LA S\u00c9CURIT\u00c9 ET LA COOP\u00c9RATION EN EUROPE<\/strong><\/p>\n<ul>\n<li>Recommandations de La Haye Concernant les Droits des Minorit\u00e9s Nationales A l\u2019Education (1996)<\/li>\n<li>Recommandations d\u2019Oslo concernant les droits linguistiques des minorit\u00e9s nationales (1998)<\/li>\n<li>Recommandations de Lund sur la Participation Effective des Minorit\u00e9s Nationales \u00e0 la Vie Publique. (1999)<\/li>\n<\/ul>\n<p><strong>UNION EUROP\u00c9ENNE<\/strong><\/p>\n<ul>\n<li>Charte des droits fondamentaux de l&#8217;Union europ\u00e9enne<\/li>\n<li>Trait\u00e9 de Lisbonne<\/li>\n<li>Rapport sur les langues europ\u00e9ennes menac\u00e9es de disparition et la diversit\u00e9 linguistique au sein de l\u2019Union europ\u00e9enne (2013)<\/li>\n<\/ul>\n<p><strong>PEN INTERNATIONAL<\/strong><\/p>\n<p>Manifeste de Girona sur les Droits Linguistiques<\/p>\n<p><strong>NPLD &#8211; R\u00c9SEAU POUR LA PROMOTION DE LA DIVERSIT\u00c9 LINGUISTIQUE\u00a0<\/strong><\/p>\n<p>Feuille de Route pour la Diversit\u00e9 Linguistique<\/p>\n","protected":false},"excerpt":{"rendered":"<p>R\u00e9f\u00e9rences En mars 2015, le Comit\u00e9 Organisateur a d\u00e9fini les r\u00e9f\u00e9rences pour l\u2019\u00e9laboration du Protocole. Comme nous l\u2019avons rappel\u00e9 \u00e0 plusieurs reprises, [&hellip;]<\/p>\n","protected":false},"author":1,"featured_media":0,"parent":0,"menu_order":0,"comment_status":"closed","ping_status":"closed","template":"","meta":[],"_links":{"self":[{"href":"https:\/\/protokoloa.eus\/index.php?rest_route=\/wp\/v2\/pages\/13091"}],"collection":[{"href":"https:\/\/protokoloa.eus\/index.php?rest_route=\/wp\/v2\/pages"}],"about":[{"href":"https:\/\/protokoloa.eus\/index.php?rest_route=\/wp\/v2\/types\/page"}],"author":[{"embeddable":true,"href":"https:\/\/protokoloa.eus\/index.php?rest_route=\/wp\/v2\/users\/1"}],"replies":[{"embeddable":true,"href":"https:\/\/protokoloa.eus\/index.php?rest_route=%2Fwp%2Fv2%2Fcomments&post=13091"}],"version-history":[{"count":1,"href":"https:\/\/protokoloa.eus\/index.php?rest_route=\/wp\/v2\/pages\/13091\/revisions"}],"predecessor-version":[{"id":13092,"href":"https:\/\/protokoloa.eus\/index.php?rest_route=\/wp\/v2\/pages\/13091\/revisions\/13092"}],"wp:attachment":[{"href":"https:\/\/protokoloa.eus\/index.php?rest_route=%2Fwp%2Fv2%2Fmedia&parent=13091"}],"curies":[{"name":"wp","href":"https:\/\/api.w.org\/{rel}","templated":true}]}}