{"id":13081,"date":"2017-06-27T11:27:29","date_gmt":"2017-06-27T11:27:29","guid":{"rendered":"http:\/\/protokoloa.eus?page_id=13081"},"modified":"2017-09-06T14:44:06","modified_gmt":"2017-09-06T14:44:06","slug":"referencias","status":"publish","type":"page","link":"https:\/\/protokoloa.eus\/?page_id=13081&lang=es","title":{"rendered":"Referencias"},"content":{"rendered":"<h2>Referencias<\/h2>\n<p>En marzo de 2015 el Comit\u00e9 Organizador estableci\u00f3 las referencias para la elaboraci\u00f3n del Protocolo. Tal y como venimos reiterando, la Declaraci\u00f3n Universal de Derechos Ling\u00fc\u00edsticos (1996) ser\u00e1 el marco de referencia que guiar\u00e1 este Protocolo. Sin embargo, cabe destacar que a la hora de concretar los indicadores de evaluaci\u00f3n uno de nuestros documentos de referencia ser\u00e1 el informe Vitalidad y peligro de desaparici\u00f3n de las lenguas publicado por la UNESCO en 2003 Adem\u00e1s de estos dos documentos, el Protocolo para la Garant\u00eda de los Derechos Ling\u00fc\u00edsticos contar\u00e1 asimismo con los siguientes documentos y convenciones:<\/p>\n<p>&nbsp;<\/p>\n<p><strong>ORGANIZACI\u00d3N DE NACIONES UNIDAS\u00a0<\/strong><\/p>\n<ul>\n<li>Declaraci\u00f3n Universal de Derechos Humanos (1948)<\/li>\n<li>Pacto Internacional de Derechos Civiles y Pol\u00edticos (1966)<\/li>\n<li>Pacto Internacional de Derechos Econ\u00f3micos, Sociales y Culturales (1966)<\/li>\n<li>Proclamaci\u00f3n de Teher\u00e1n (1968)<\/li>\n<li>Declaraci\u00f3n de los Derechos del Ni\u00f1o (1989)<\/li>\n<li>Declaraci\u00f3n sobre los Derechos de las Personas Pertenecientes a Minor\u00edas Nacionales o \u00c9tnicas, Religiosas y Ling\u00fc\u00edsticas. (1992)<\/li>\n<li>\u00a0Declaraci\u00f3n y Programa de Acci\u00f3n de Viena (1993)<\/li>\n<li>Declaraci\u00f3n sobre los Derechos de los Pueblos Ind\u00edgenas (2007)<\/li>\n<\/ul>\n<p>&nbsp;<\/p>\n<p><strong>CONSEJO DE EUROPA<\/strong><\/p>\n<ul>\n<li>Convenio para la Protecci\u00f3n de los Derechos Humanos y de las Libertades Fundamentales (1950)<\/li>\n<li>Carta Europea de las Lenguas Regionales o Minoritarias (1992)<\/li>\n<li>Convenio Marco para la Protecci\u00f3n de Minor\u00edas Nacionales (1994)<\/li>\n<\/ul>\n<p>&nbsp;<\/p>\n<p><strong>UNESCO\u00a0<\/strong><\/p>\n<ul>\n<li>Declaraci\u00f3n Universal de la UNESCO sobre la Diversidad Cultural (2001)<\/li>\n<li>Convenci\u00f3n sobre la protecci\u00f3n y la promoci\u00f3n de la diversidad de las expresiones culturales (2005)<\/li>\n<\/ul>\n<p>&nbsp;<\/p>\n<p><strong>OSCE. ORGANIZACI\u00d3N PARA LA SEGURIDAD Y COOPERACI\u00d3N EUROPEA<\/strong><\/p>\n<ul>\n<li>Recomendaciones de la Haya relativas a los Derechos Educativos de las Minor\u00edas Nacionales (1996)<\/li>\n<li>Recomendaciones de Oslo relativas a los Derechos Ling\u00fc\u00edsticos de las Minor\u00edas Nacionales (1998)<\/li>\n<li>Recomendaciones de Lund sobre la Participaci\u00f3n Efectiva de las Minor\u00edas Nacionales en la Vida P\u00fablica (1999)<\/li>\n<\/ul>\n<p>&nbsp;<\/p>\n<p><strong>UNI\u00d3N EUROPEA<\/strong><\/p>\n<ul>\n<li>Carta de Derechos Fundamentales de la Uni\u00f3n Europea<\/li>\n<li>Tratado de Lisboa<\/li>\n<li>Informe del Parlamento Europeo de 11 de septiembre de 2013<\/li>\n<\/ul>\n<p>&nbsp;<\/p>\n<p><strong>PEN INTERNATIONAL<\/strong><\/p>\n<ul>\n<li>\u00a0Manifiesto de Girona sobre Derechos Ling\u00fc\u00edsticos<\/li>\n<\/ul>\n<p>&nbsp;<\/p>\n<p><strong>NPLD \u2013 RED PARA LA PROMOCI\u00d3N DE LA DIVERSIDAD LING\u00dc\u00cdSTICA<\/strong><\/p>\n<ul>\n<li>\u00a0Hoja de Ruta Para la Diversidad Ling\u00fc\u00edstica<\/li>\n<\/ul>\n","protected":false},"excerpt":{"rendered":"<p>Referencias En marzo de 2015 el Comit\u00e9 Organizador estableci\u00f3 las referencias para la elaboraci\u00f3n del Protocolo. Tal y como venimos reiterando, la [&hellip;]<\/p>\n","protected":false},"author":1,"featured_media":0,"parent":0,"menu_order":0,"comment_status":"closed","ping_status":"closed","template":"","meta":[],"_links":{"self":[{"href":"https:\/\/protokoloa.eus\/index.php?rest_route=\/wp\/v2\/pages\/13081"}],"collection":[{"href":"https:\/\/protokoloa.eus\/index.php?rest_route=\/wp\/v2\/pages"}],"about":[{"href":"https:\/\/protokoloa.eus\/index.php?rest_route=\/wp\/v2\/types\/page"}],"author":[{"embeddable":true,"href":"https:\/\/protokoloa.eus\/index.php?rest_route=\/wp\/v2\/users\/1"}],"replies":[{"embeddable":true,"href":"https:\/\/protokoloa.eus\/index.php?rest_route=%2Fwp%2Fv2%2Fcomments&post=13081"}],"version-history":[{"count":1,"href":"https:\/\/protokoloa.eus\/index.php?rest_route=\/wp\/v2\/pages\/13081\/revisions"}],"predecessor-version":[{"id":13200,"href":"https:\/\/protokoloa.eus\/index.php?rest_route=\/wp\/v2\/pages\/13081\/revisions\/13200"}],"wp:attachment":[{"href":"https:\/\/protokoloa.eus\/index.php?rest_route=%2Fwp%2Fv2%2Fmedia&parent=13081"}],"curies":[{"name":"wp","href":"https:\/\/api.w.org\/{rel}","templated":true}]}}