{"id":12789,"date":"2017-06-08T10:02:25","date_gmt":"2017-06-08T10:02:25","guid":{"rendered":"http:\/\/protokoloa.eus?page_id=12789"},"modified":"2020-09-28T11:00:40","modified_gmt":"2020-09-28T11:00:40","slug":"a-accueil","status":"publish","type":"page","link":"https:\/\/protokoloa.eus\/?page_id=12789&lang=fr","title":{"rendered":"A-Accueil"},"content":{"rendered":"<p><div class=\"fusion-fullwidth fullwidth-box fusion-builder-row-1 nonhundred-percent-fullwidth non-hundred-percent-height-scrolling\" style=\"background-color: rgba(255,255,255,0);background-position: left top;background-repeat: no-repeat;padding-top:50px;padding-right:15%;padding-bottom:50px;padding-left:15%;margin-bottom: 0px;margin-top: 0px;border-width: 0px 0px 0px 0px;border-color:#eae9e9;border-style:solid;\" ><div class=\"fusion-builder-row fusion-row\"><div class=\"fusion-layout-column fusion_builder_column fusion-builder-column-0 fusion_builder_column_1_1 1_1 fusion-one-full fusion-column-first fusion-column-last fusion-column-no-min-height\" style=\"margin-top:0px;margin-bottom:0px;\"><div class=\"fusion-column-wrapper fusion-flex-column-wrapper-legacy\" style=\"background-position:left top;background-repeat:no-repeat;-webkit-background-size:cover;-moz-background-size:cover;-o-background-size:cover;background-size:cover;padding: 0px 0px 0px 0px;\"><div class=\"fusion-text fusion-text-1\"><h2 class=\"blog-shortcode-post-title entry-title\" style=\"text-align: center;\" data-fontsize=\"24\" data-lineheight=\"34\">Pr\u00e9sentation du Protocole de Donostia, lancement d&#8217;un outil pour la garantie des droits linguistiques<\/h2>\n<p style=\"text-align: center;\">C\u2019est \u00e0 l\u2019occasion d\u2019une manifestation humble et touchante que Protocole pour la Garantie des Droits Linguistiques a \u00e9t\u00e9 pr\u00e9sent\u00e9 \u00e0 Donostia. Plus connu sous le nom de Protocole de Donostia, il constitue selon Paul Bilbao, secr\u00e9taire g\u00e9n\u00e9ral de Kontseilua, l\u2019exercice pratique d\u2019une appropriation de pouvoir historique, car les acteurs sociaux ont d\u00e9montr\u00e9 leur capacit\u00e9 \u00e0 \u00e9laborer un outil efficace face \u00e0 la n\u00e9cessit\u00e9 de garantir les droits des langues minoritaires d\u2019Europe. Ce projet a \u00e9t\u00e9 soutenu d\u00e8s le d\u00e9part par Kontseilua et la Fondation Donostia 2016.<\/p>\n<p style=\"text-align: center; letter-spacing: 2px; font-weight: 600;\"><a href=\"https:\/\/protokoloa.eus?p=12788&amp;lang=fr\">LIRE PLUS<\/a><\/p>\n<\/div><div class=\"fusion-clearfix\"><\/div><\/div><\/div><\/div><\/div><div class=\"fusion-fullwidth fullwidth-box fusion-builder-row-2 border-top:1px solid white nonhundred-percent-fullwidth non-hundred-percent-height-scrolling\" style=\"background-color: rgba(255,255,255,0);background-position: center center;background-repeat: no-repeat;padding-top:20px;padding-right:0px;padding-bottom:20px;padding-left:0px;margin-bottom: 0px;margin-top: 0px;border-width: 1px 0px 1px 0px;border-color:#eae9e9;border-style:solid;\" ><div class=\"fusion-builder-row fusion-row\"><div class=\"fusion-layout-column fusion_builder_column fusion-builder-column-1 fusion_builder_column_1_3 1_3 fusion-one-third fusion-column-first fusion-column-inner-bg-wrapper\" style=\"width:33.333333333333%;width:calc(33.333333333333% - ( ( 4% + 4% ) * 0.33333333333333 ) );margin-right: 4%;margin-top:0px;margin-bottom:0px;\"><div class=\"fusion-column-wrapper fusion-flex-column-wrapper-legacy\" style=\"padding: 0px 0px 0px 0px;\"><div class=\"fusion-fa-align-center\"><i class=\"fb-icon-element-1 fb-icon-element fontawesome-icon fa fa-file-pdf-o circle-yes fa-flip-horizontal\" style=\"font-size:26.4px;line-height:50.8px;height:52.8px;width:52.8px;border-width:1px;\"><\/i><\/div><style>i.fb-icon-element.fontawesome-icon.fb-icon-element-1{ color: #ffffff; background-color: #0c7aaa; border-color: #0c7aaa;}i.fb-icon-element.fontawesome-icon.fb-icon-element-1:hover { color: #ffffff; background-color: #0c7aaa; border-color: #0c7aaa;}<\/style><div class=\"fusion-text fusion-text-2\"><h3 style=\"text-align: center;\">PROTOCOLE<\/h3>\n<p style=\"text-align: center;\">T\u00e9l\u00e9chargez le\u00a0PDF<\/p>\n<\/div><div class=\"fusion-clearfix\"><\/div><\/div><span class=\"fusion-column-inner-bg hover-type-none\"><a href=\"https:\/\/protokoloa.eus\/?page_id=13104&amp;lang=fr\"><span class=\"fusion-column-inner-bg-image\" style=\"background-position:left top;background-repeat:no-repeat;-webkit-background-size:cover;-moz-background-size:cover;-o-background-size:cover;background-size:cover;\"><\/span><\/a><\/span><\/div><div class=\"fusion-layout-column fusion_builder_column fusion-builder-column-2 fusion_builder_column_1_3 1_3 fusion-one-third fusion-column-inner-bg-wrapper\" style=\"width:33.333333333333%;width:calc(33.333333333333% - ( ( 4% + 4% ) * 0.33333333333333 ) );margin-right: 4%;margin-top:0px;margin-bottom:0px;\"><div class=\"fusion-column-wrapper fusion-flex-column-wrapper-legacy\" style=\"padding: 0px 0px 0px 0px;\"><div class=\"fusion-fa-align-center\"><i class=\"fb-icon-element-2 fb-icon-element fontawesome-icon fa fa-file-pdf-o circle-yes fa-flip-horizontal\" style=\"font-size:26.4px;line-height:50.8px;height:52.8px;width:52.8px;border-width:1px;\"><\/i><\/div><style>i.fb-icon-element.fontawesome-icon.fb-icon-element-2{ color: #ffffff; background-color: #0c7aaa; border-color: #0c7aaa;}i.fb-icon-element.fontawesome-icon.fb-icon-element-2:hover { color: #ffffff; background-color: #0c7aaa; border-color: #0c7aaa;}<\/style><div class=\"fusion-text fusion-text-3\"><h3 style=\"text-align: center;\">CAHIER<\/h3>\n<p style=\"text-align: center;\">T\u00e9l\u00e9chargez le PDF<\/p>\n<\/div><div class=\"fusion-clearfix\"><\/div><\/div><span class=\"fusion-column-inner-bg hover-type-none\"><a href=\"https:\/\/protokoloa.eus\/wp-content\/uploads\/2017\/06\/kaiera.pdf\"><span class=\"fusion-column-inner-bg-image\" style=\"background-position:left top;background-repeat:no-repeat;-webkit-background-size:cover;-moz-background-size:cover;-o-background-size:cover;background-size:cover;\"><\/span><\/a><\/span><\/div><div class=\"fusion-layout-column fusion_builder_column fusion-builder-column-3 fusion_builder_column_1_3 1_3 fusion-one-third fusion-column-last fusion-column-inner-bg-wrapper\" style=\"width:33.333333333333%;width:calc(33.333333333333% - ( ( 4% + 4% ) * 0.33333333333333 ) );margin-top:0px;margin-bottom:0px;\"><div class=\"fusion-column-wrapper fusion-flex-column-wrapper-legacy\" style=\"padding: 0px 0px 0px 0px;\"><div class=\"fusion-fa-align-center\"><i class=\"fb-icon-element-3 fb-icon-element fontawesome-icon fa fa-pencil circle-yes fa-flip-horizontal\" style=\"font-size:26.4px;line-height:50.8px;height:52.8px;width:52.8px;border-width:1px;\"><\/i><\/div><style>i.fb-icon-element.fontawesome-icon.fb-icon-element-3{ color: #ffffff; background-color: #0c7aaa; border-color: #0c7aaa;}i.fb-icon-element.fontawesome-icon.fb-icon-element-3:hover { color: #ffffff; background-color: #0c7aaa; border-color: #0c7aaa;}<\/style><div class=\"fusion-text fusion-text-4\"><h3 style=\"text-align: center;\">SIGNATAIRES<\/h3>\n<p style=\"text-align: center;\">Les signataires du Protocole<\/p>\n<\/div><div class=\"fusion-clearfix\"><\/div><\/div><span class=\"fusion-column-inner-bg hover-type-none\"><a href=\"https:\/\/protokoloa.eus\/?page_id=12928\"><span class=\"fusion-column-inner-bg-image\" style=\"background-position:left top;background-repeat:no-repeat;-webkit-background-size:cover;-moz-background-size:cover;-o-background-size:cover;background-size:cover;\"><\/span><\/a><\/span><\/div><\/div><\/div><\/p>\n","protected":false},"excerpt":{"rendered":"","protected":false},"author":1,"featured_media":0,"parent":0,"menu_order":0,"comment_status":"closed","ping_status":"open","template":"100-width.php","meta":[],"_links":{"self":[{"href":"https:\/\/protokoloa.eus\/index.php?rest_route=\/wp\/v2\/pages\/12789"}],"collection":[{"href":"https:\/\/protokoloa.eus\/index.php?rest_route=\/wp\/v2\/pages"}],"about":[{"href":"https:\/\/protokoloa.eus\/index.php?rest_route=\/wp\/v2\/types\/page"}],"author":[{"embeddable":true,"href":"https:\/\/protokoloa.eus\/index.php?rest_route=\/wp\/v2\/users\/1"}],"replies":[{"embeddable":true,"href":"https:\/\/protokoloa.eus\/index.php?rest_route=%2Fwp%2Fv2%2Fcomments&post=12789"}],"version-history":[{"count":14,"href":"https:\/\/protokoloa.eus\/index.php?rest_route=\/wp\/v2\/pages\/12789\/revisions"}],"predecessor-version":[{"id":13361,"href":"https:\/\/protokoloa.eus\/index.php?rest_route=\/wp\/v2\/pages\/12789\/revisions\/13361"}],"wp:attachment":[{"href":"https:\/\/protokoloa.eus\/index.php?rest_route=%2Fwp%2Fv2%2Fmedia&parent=12789"}],"curies":[{"name":"wp","href":"https:\/\/api.w.org\/{rel}","templated":true}]}}