{"id":12786,"date":"2017-06-08T09:53:32","date_gmt":"2017-06-08T09:53:32","guid":{"rendered":"http:\/\/protokoloa.eus?page_id=12786"},"modified":"2021-08-30T08:08:05","modified_gmt":"2021-08-30T08:08:05","slug":"quest-ce-que-le-protocole","status":"publish","type":"page","link":"https:\/\/protokoloa.eus\/?page_id=12786&lang=fr","title":{"rendered":"Qu&#8217;est ce que le Protocole?"},"content":{"rendered":"<div class=\"fusion-fullwidth fullwidth-box fusion-builder-row-1 nonhundred-percent-fullwidth non-hundred-percent-height-scrolling\" style=\"background-color: rgba(255,255,255,0);background-position: center center;background-repeat: no-repeat;padding-top:0px;padding-right:0px;padding-bottom:0px;padding-left:0px;margin-bottom: 0px;margin-top: 0px;border-width: 0px 0px 0px 0px;border-color:#eae9e9;border-style:solid;\" ><div class=\"fusion-builder-row fusion-row\"><div class=\"fusion-layout-column fusion_builder_column fusion-builder-column-0 fusion_builder_column_1_1 1_1 fusion-one-full fusion-column-first fusion-column-last\" style=\"margin-top:0px;margin-bottom:0px;\"><div class=\"fusion-column-wrapper fusion-flex-column-wrapper-legacy\" style=\"background-position:left top;background-repeat:no-repeat;-webkit-background-size:cover;-moz-background-size:cover;-o-background-size:cover;background-size:cover;padding: 0px 0px 0px 0px;\"><div class=\"fusion-text fusion-text-1\"><h2>QU&#8217;EST-CE QUE LE PROTOCOLE?<strong><img class=\"wp-image-12576 size-full alignleft\" src=\"https:\/\/protokoloa.eus\/wp-content\/uploads\/2017\/06\/protokooa_liburua.jpg\" alt=\"\" width=\"271\" height=\"350\" srcset=\"https:\/\/protokoloa.eus\/wp-content\/uploads\/2017\/06\/protokooa_liburua-200x258.jpg 200w, https:\/\/protokoloa.eus\/wp-content\/uploads\/2017\/06\/protokooa_liburua-232x300.jpg 232w, https:\/\/protokoloa.eus\/wp-content\/uploads\/2017\/06\/protokooa_liburua.jpg 271w\" sizes=\"(max-width: 271px) 100vw, 271px\" \/><\/strong><\/h2>\n<p>&nbsp;<\/p>\n<p><strong>Qu\u2019est-ce que le Protocole pour la Garantie des Droits Linguistiques? <\/strong><\/p>\n<p>Le protocole est un document en faveur de l\u2019\u00e9galit\u00e9 des langues et pour garantir le d\u00e9veloppement des langues en situation d\u00e9favorable. C\u2019est un document r\u00e9alis\u00e9 gr\u00e2ce aux contributions de la soci\u00e9t\u00e9 civile et les conseils d\u2019un comit\u00e9 scientifique. C\u2019est un bouquet de mesures n\u00e9cessaires pour la garantie des droits linguistiques de toutes les personnes.<\/p>\n<p><strong>Une R\u00e9f\u00e9rence\u00a0: D\u00e9claration de Barcelone.<\/strong><\/p>\n<p>La D\u00e9claration Universelle des Droits linguistiques de 1996 est le fruit d\u2019une contribution de la soci\u00e9t\u00e9 civile pour la d\u00e9fense des droits linguistiques. Vingt ans apr\u00e8s, nous avons accomplis un pas suppl\u00e9mentaire \u00e0 Donostia.<\/p>\n<p><strong>Leadership des acteurs sociaux.<\/strong><\/p>\n<p>Les acteurs sociaux constituent la cl\u00e9 du processus. Il s\u2019agit d\u2019une pratique de responsabilisation sociale, pour cr\u00e9er un pacte social d\u2019ampleur, que les organismes et institutions de tout niveau peuvent par la suite s\u2019approprier.<\/p>\n<p><strong>Processus d\u2019\u00e9laboration du processus<\/strong><\/p>\n<p>Les acteurs sociaux et toute personne int\u00e9ress\u00e9e par le domaine des langues propos\u00e8rent des mesures concr\u00e8tes \u00a0\u00e0 int\u00e9grer au Protocole, durant le premier semestre 2016. Une fois que la Commission Scientifique eut class\u00e9 ces mesures, le Comit\u00e9 Organisateur les pr\u00e9senta aux acteurs sociaux pour ratification. A la fin du processus, le Protocole se pr\u00e9senta \u00e0 Donostia-Saint Sebasti\u00e9n,\u00a0 le 17 d\u00e9cembre 2016.<\/p>\n<h4><strong>Promoteurs:<\/strong><\/h4>\n<p><a href=\"https:\/\/protokoloa.eus\/wp-content\/uploads\/2021\/08\/LOGO_KONTSEILUA-05.jpg\"><img class=\"alignnone wp-image-13401\" src=\"https:\/\/protokoloa.eus\/wp-content\/uploads\/2021\/08\/LOGO_KONTSEILUA-05-300x84.jpg\" alt=\"\" width=\"200\" height=\"56\" srcset=\"https:\/\/protokoloa.eus\/wp-content\/uploads\/2021\/08\/LOGO_KONTSEILUA-05-200x56.jpg 200w, https:\/\/protokoloa.eus\/wp-content\/uploads\/2021\/08\/LOGO_KONTSEILUA-05-300x84.jpg 300w, https:\/\/protokoloa.eus\/wp-content\/uploads\/2021\/08\/LOGO_KONTSEILUA-05-400x112.jpg 400w, https:\/\/protokoloa.eus\/wp-content\/uploads\/2021\/08\/LOGO_KONTSEILUA-05-600x167.jpg 600w, https:\/\/protokoloa.eus\/wp-content\/uploads\/2021\/08\/LOGO_KONTSEILUA-05-768x214.jpg 768w, https:\/\/protokoloa.eus\/wp-content\/uploads\/2021\/08\/LOGO_KONTSEILUA-05-800x223.jpg 800w, https:\/\/protokoloa.eus\/wp-content\/uploads\/2021\/08\/LOGO_KONTSEILUA-05-1024x286.jpg 1024w, https:\/\/protokoloa.eus\/wp-content\/uploads\/2021\/08\/LOGO_KONTSEILUA-05.jpg 1100w\" sizes=\"(max-width: 200px) 100vw, 200px\" \/><\/a>\u00a0 \u00a0 \u00a0<img class=\"alignnone size-full wp-image-314\" src=\"https:\/\/protokoloa.eus\/wp-content\/uploads\/2015\/04\/dss2016_250.jpg\" alt=\"\" width=\"250\" height=\"65\" \/><\/p>\n<p><strong>Organizateurs:<\/strong><\/p>\n<p>Organitations non gouvernementales qui travaillent en faveur des droits de l\u2019homme et des droits linguistiques.<\/p>\n<p>&nbsp;<\/p>\n<p><a href=\"http:\/\/www.unpo.org\"><img class=\"alignnone wp-image-318 size-full\" src=\"https:\/\/protokoloa.eus\/wp-content\/uploads\/2015\/04\/unpo_250.jpg\" alt=\"\" width=\"250\" height=\"96\" \/><\/a>\u00a0\u00a0 <a href=\"http:\/\/www.pen-international.org\"><img class=\"alignnone wp-image-320\" src=\"https:\/\/protokoloa.eus\/wp-content\/uploads\/2015\/04\/pen_250.jpg\" alt=\"\" width=\"150\" height=\"98\" \/><\/a>\u00a0\u00a0 <a href=\"http:\/\/www.linguapax.org\"><img class=\"alignnone wp-image-319\" src=\"https:\/\/protokoloa.eus\/wp-content\/uploads\/2015\/04\/linguapax_250.jpg\" alt=\"\" width=\"220\" height=\"95\" \/><\/a><\/p>\n<p><a href=\"http:\/\/www.ciemen.cat\"><img class=\"alignnone wp-image-322\" src=\"https:\/\/protokoloa.eus\/wp-content\/uploads\/2015\/04\/ciemen_250.jpg\" alt=\"\" width=\"300\" height=\"66\" \/><\/a>\u00a0\u00a0 <a href=\"https:\/\/www.facebook.com\/EuropeanLanguageEqualityNetwork\/\"><img class=\"alignnone wp-image-13123\" src=\"https:\/\/protokoloa.eus\/wp-content\/uploads\/2015\/04\/elen-logo.jpg\" alt=\"\" width=\"300\" height=\"53\" srcset=\"https:\/\/protokoloa.eus\/wp-content\/uploads\/2015\/04\/elen-logo-200x35.jpg 200w, https:\/\/protokoloa.eus\/wp-content\/uploads\/2015\/04\/elen-logo.jpg 250w\" sizes=\"(max-width: 300px) 100vw, 300px\" \/><\/a>\u00a0\u00a0 <a href=\"http:\/\/www.ecmi.de\/home\/\"><img class=\"alignnone wp-image-323 size-full\" src=\"https:\/\/protokoloa.eus\/wp-content\/uploads\/2015\/04\/ecfmi_250.jpg\" alt=\"\" width=\"250\" height=\"79\" \/><\/a><\/p>\n<\/div><div class=\"fusion-clearfix\"><\/div><\/div><\/div><\/div><\/div>\n<p>&nbsp;<\/p>\n","protected":false},"excerpt":{"rendered":"<p>&nbsp;<\/p>\n","protected":false},"author":1,"featured_media":0,"parent":0,"menu_order":0,"comment_status":"closed","ping_status":"closed","template":"","meta":[],"_links":{"self":[{"href":"https:\/\/protokoloa.eus\/index.php?rest_route=\/wp\/v2\/pages\/12786"}],"collection":[{"href":"https:\/\/protokoloa.eus\/index.php?rest_route=\/wp\/v2\/pages"}],"about":[{"href":"https:\/\/protokoloa.eus\/index.php?rest_route=\/wp\/v2\/types\/page"}],"author":[{"embeddable":true,"href":"https:\/\/protokoloa.eus\/index.php?rest_route=\/wp\/v2\/users\/1"}],"replies":[{"embeddable":true,"href":"https:\/\/protokoloa.eus\/index.php?rest_route=%2Fwp%2Fv2%2Fcomments&post=12786"}],"version-history":[{"count":4,"href":"https:\/\/protokoloa.eus\/index.php?rest_route=\/wp\/v2\/pages\/12786\/revisions"}],"predecessor-version":[{"id":13412,"href":"https:\/\/protokoloa.eus\/index.php?rest_route=\/wp\/v2\/pages\/12786\/revisions\/13412"}],"wp:attachment":[{"href":"https:\/\/protokoloa.eus\/index.php?rest_route=%2Fwp%2Fv2%2Fmedia&parent=12786"}],"curies":[{"name":"wp","href":"https:\/\/api.w.org\/{rel}","templated":true}]}}